{"id":61762,"date":"2026-01-22T15:34:23","date_gmt":"2026-01-22T15:34:23","guid":{"rendered":"https:\/\/www.drome.it\/progetti\/spring-summer-2021-backstage\/"},"modified":"2026-01-22T15:34:23","modified_gmt":"2026-01-22T15:34:23","slug":"backstage-primavera-estate-2021","status":"publish","type":"page","link":"https:\/\/www.drome.it\/it\/progetti\/backstage-primavera-estate-2021\/","title":{"rendered":"Backstage Primavera Estate 2021"},"content":{"rendered":"<section class=\"wpb-content-wrapper\"><p>[vc_row][vc_column width=&#8221;1\/2&#8243; css=&#8221;.vc_custom_1570201667841{background-position: center !important;background-repeat: no-repeat !important;background-size: cover !important;}&#8221; el_class=&#8221;textcenter&#8221;][vc_column_text css=&#8221;.vc_custom_1605537654625{padding-top: 20% !important;padding-right: 20% !important;padding-bottom: 20% !important;padding-left: 20% !important;}&#8221; el_class=&#8221;link_shop&#8221;]<\/p>\n<p class=\"column\" style=\"text-align: center;\"><strong>SHOW PRIMAVERA ESTATE 2021 <\/strong><br \/>MILANO, 26 SETTEMBRE 2020<\/p>\n<p>[\/vc_column_text][\/vc_column][vc_column width=&#8221;1\/2&#8243; css=&#8221;.vc_custom_1605535615431{background: #ffffff url(https:\/\/www.drome.it\/assets\/Spring-Summer-2021-Backstage-Project-1.jpg?id=61723) !important;background-position: center !important;background-repeat: no-repeat !important;background-size: cover !important;}&#8221;][\/vc_column][\/vc_row][vc_row][vc_column width=&#8221;1\/2&#8243; el_class=&#8221;textcenter&#8221; css=&#8221;.vc_custom_1563265645744{background-color: #ffffff !important;}&#8221;][vc_column_text css=&#8221;.vc_custom_1605535660387{padding-top: 20% !important;padding-right: 20% !important;padding-bottom: 20% !important;padding-left: 20% !important;}&#8221;]<\/p>\n<div class=\"page\" title=\"Page 20\">\n<div class=\"section\">\n<div class=\"layoutArea\">\n<p>La donna che ispira la collezione \u00e8 una femme fatale contemporanea, la sua sensualit\u00e0 istintiva e senza filtri \u00e8 espressione della sua libert\u00e0, manifestazione della sua sfrontatezza.<\/p>\n<\/div>\n<\/div>\n<\/div>\n<p>[\/vc_column_text][\/vc_column][vc_column width=&#8221;1\/2&#8243; css=&#8221;.vc_custom_1605535793599{background-image: url(https:\/\/www.drome.it\/assets\/Spring-Summer-2021-Backstage-Project-2.jpg?id=61725) !important;background-position: center !important;background-repeat: no-repeat !important;background-size: cover !important;}&#8221;][\/vc_column][\/vc_row][vc_row][vc_column css=&#8221;.vc_custom_1605536064796{background-image: url(https:\/\/www.drome.it\/assets\/Spring-Summer-2021-Backstage-Project-3.jpg?id=61728) !important;background-position: center !important;background-repeat: no-repeat !important;background-size: cover !important;}&#8221;][\/vc_column][\/vc_row][vc_row][vc_column width=&#8221;1\/2&#8243; css=&#8221;.vc_custom_1605536236151{background: #ffffff url(https:\/\/www.drome.it\/assets\/Spring-Summer-2021-Backstage-Project-4.jpg?id=61730) !important;background-position: center !important;background-repeat: no-repeat !important;background-size: cover !important;}&#8221; el_class=&#8221;textcenter&#8221;][\/vc_column][vc_column width=&#8221;1\/2&#8243; el_class=&#8221;textcenter&#8221; css=&#8221;.vc_custom_1570200867589{background-color: #ffffff !important;background-position: center !important;background-repeat: no-repeat !important;background-size: cover !important;}&#8221;][vc_single_image image=&#8221;61733&#8243; img_size=&#8221;medium&#8221; alignment=&#8221;center&#8221;][\/vc_column][\/vc_row][vc_row][vc_column width=&#8221;1\/2&#8243; css=&#8221;.vc_custom_1605536409637{background: #ffffff url(https:\/\/www.drome.it\/assets\/Spring-Summer-2021-Backstage-Project-6.jpg?id=61735) !important;background-position: center !important;background-repeat: no-repeat !important;background-size: cover !important;}&#8221;][\/vc_column][vc_column width=&#8221;1\/2&#8243; css=&#8221;.vc_custom_1605536435000{background-image: url(https:\/\/www.drome.it\/assets\/Spring-Summer-2021-Backstage-Project-7.jpg?id=61737) !important;background-position: center !important;background-repeat: no-repeat !important;background-size: cover !important;}&#8221;][\/vc_column][\/vc_row][vc_row][vc_column width=&#8221;1\/2&#8243; el_class=&#8221;textcenter&#8221; css=&#8221;.vc_custom_1563265645744{background-color: #ffffff !important;}&#8221;][vc_column_text css=&#8221;.vc_custom_1605536479128{padding-top: 20% !important;padding-right: 20% !important;padding-bottom: 20% !important;padding-left: 20% !important;}&#8221;]<\/p>\n<div class=\"page\" title=\"Page 20\">\n<div class=\"section\">\n<div class=\"layoutArea\">\n<div class=\"column\">\n<p>La collezione \u00e8 imprevedibile proprio come la sua musa, pericolosa e fiera, senza paura di mostrarsi. Ritrae una donna che non si lascia definire dagli altri ma si definisce attraverso il suo stesso sguardo: dirompente, sfacciato, ribelle.<\/p>\n<\/div>\n<\/div>\n<\/div>\n<\/div>\n<p>[\/vc_column_text][\/vc_column][vc_column width=&#8221;1\/2&#8243; css=&#8221;.vc_custom_1605536541642{background-image: url(https:\/\/www.drome.it\/assets\/Spring-Summer-2021-Backstage-Project-8.jpg?id=61739) !important;background-position: center !important;background-repeat: no-repeat !important;background-size: cover !important;}&#8221;][\/vc_column][\/vc_row][vc_row][vc_column css=&#8221;.vc_custom_1605536759088{background-image: url(https:\/\/www.drome.it\/assets\/Spring-Summer-2021-Backstage-Project-9.jpg?id=61744) !important;background-position: center !important;background-repeat: no-repeat !important;background-size: cover !important;}&#8221;][\/vc_column][\/vc_row][vc_row][vc_column width=&#8221;1\/2&#8243; css=&#8221;.vc_custom_1605536898027{background: #ffffff url(https:\/\/www.drome.it\/assets\/Spring-Summer-2021-Backstage-Project-10.jpg?id=61746) !important;background-position: center !important;background-repeat: no-repeat !important;background-size: cover !important;}&#8221; el_class=&#8221;textcenter&#8221;][\/vc_column][vc_column width=&#8221;1\/2&#8243; el_class=&#8221;textcenter&#8221; css=&#8221;.vc_custom_1570202184891{background-color: #ffffff !important;background-position: center !important;background-repeat: no-repeat !important;background-size: cover !important;}&#8221;][vc_single_image image=&#8221;61749&#8243; img_size=&#8221;medium&#8221; alignment=&#8221;center&#8221;][\/vc_column][\/vc_row][vc_row][vc_column width=&#8221;1\/2&#8243; css=&#8221;.vc_custom_1605537090860{background: #ffffff url(https:\/\/www.drome.it\/assets\/Spring-Summer-2021-Backstage-Project-12.jpg?id=61750) !important;background-position: center !important;background-repeat: no-repeat !important;background-size: cover !important;}&#8221;][\/vc_column][vc_column width=&#8221;1\/2&#8243; css=&#8221;.vc_custom_1605537116746{background-image: url(https:\/\/www.drome.it\/assets\/Spring-Summer-2021-Backstage-Project-13.jpg?id=61752) !important;background-position: center !important;background-repeat: no-repeat !important;background-size: cover !important;}&#8221;][\/vc_column][\/vc_row][vc_row][vc_column width=&#8221;1\/2&#8243; el_class=&#8221;textcenter&#8221; css=&#8221;.vc_custom_1570203241752{background-color: #ffffff !important;background-position: center !important;background-repeat: no-repeat !important;background-size: cover !important;}&#8221;][vc_column_text el_class=&#8221;link_shop&#8221; css=&#8221;.vc_custom_1605537673491{padding-top: 20% !important;padding-right: 20% !important;padding-bottom: 20% !important;padding-left: 20% !important;}&#8221;]<\/p>\n<p class=\"column\" style=\"text-align: center;\"><strong>Foto di backstage:<\/strong><br \/>Gabriele Rosati &amp; Luca Notarfrancesco<\/p>\n<p>[\/vc_column_text][\/vc_column][vc_column width=&#8221;1\/2&#8243; css=&#8221;.vc_custom_1605537151475{background: #ffffff url(https:\/\/www.drome.it\/assets\/Spring-Summer-2021-Backstage-Project-14.jpg?id=61754) !important;background-position: center !important;background-repeat: no-repeat !important;background-size: cover !important;}&#8221;][\/vc_column][\/vc_row][vc_row css=&#8221;.vc_custom_1570203031074{background-color: #ffffff !important;}&#8221;][vc_column el_class=&#8221;textcenter&#8221;][vc_column_text el_class=&#8221;link_shop&#8221;]<\/p>\n<p style=\"text-align: center;\"><a href=\"https:\/\/www.drome.it\/it\/collezioni\/primavera-estate-2021\/\">SCOPRI LA COLLEZIONE<\/a><\/p>\n<p>[\/vc_column_text][\/vc_column][\/vc_row]<\/p>\n<\/section>","protected":false},"excerpt":{"rendered":"<p>[vc_row][vc_column width=&#8221;1\/2&#8243; css=&#8221;.vc_custom_1570201667841{background-position: center !important;background-repeat: no-repeat !important;background-size: cover !important;}&#8221; el_class=&#8221;textcenter&#8221;][vc_column_text css=&#8221;.vc_custom_1605537654625{padding-top: 20% !important;padding-right: 20% !important;padding-bottom: 20% !important;padding-left: 20% !important;}&#8221; el_class=&#8221;link_shop&#8221;] SHOW PRIMAVERA ESTATE 2021 MILANO, 26 SETTEMBRE 2020 [\/vc_column_text][\/vc_column][vc_column width=&#8221;1\/2&#8243; css=&#8221;.vc_custom_1605535615431{background: #ffffff url(https:\/\/www.drome.it\/assets\/Spring-Summer-2021-Backstage-Project-1.jpg?id=61723) !important;background-position: center !important;background-repeat: no-repeat !important;background-size: cover !important;}&#8221;][\/vc_column][\/vc_row][vc_row][vc_column width=&#8221;1\/2&#8243; el_class=&#8221;textcenter&#8221; css=&#8221;.vc_custom_1563265645744{background-color: #ffffff !important;}&#8221;][vc_column_text css=&#8221;.vc_custom_1605535660387{padding-top: 20% !important;padding-right: 20% !important;padding-bottom: 20% !important;padding-left: 20% !important;}&#8221;] La [&hellip;]<\/p>\n","protected":false},"author":238,"featured_media":61743,"parent":56588,"menu_order":0,"comment_status":"closed","ping_status":"closed","template":"","meta":{"footnotes":""},"class_list":["post-61762","page","type-page","status-publish","has-post-thumbnail","hentry"],"acf":[],"yoast_head":"<!-- This site is optimized with the Yoast SEO plugin v21.4 - https:\/\/yoast.com\/wordpress\/plugins\/seo\/ -->\n<title>Backstage Primavera Estate 2021 | DROMe<\/title>\n<meta name=\"robots\" content=\"index, follow, max-snippet:-1, max-image-preview:large, max-video-preview:-1\" \/>\n<link rel=\"canonical\" href=\"https:\/\/www.drome.it\/it\/progetti\/backstage-primavera-estate-2021\/\" \/>\n<meta property=\"og:locale\" content=\"it_IT\" \/>\n<meta property=\"og:type\" content=\"article\" \/>\n<meta property=\"og:title\" content=\"Backstage Primavera Estate 2021 | DROMe\" \/>\n<meta property=\"og:description\" content=\"[vc_row][vc_column width=&#8221;1\/2&#8243; css=&#8221;.vc_custom_1570201667841{background-position: center !important;background-repeat: no-repeat !important;background-size: cover !important;}&#8221; el_class=&#8221;textcenter&#8221;][vc_column_text css=&#8221;.vc_custom_1605537654625{padding-top: 20% !important;padding-right: 20% !important;padding-bottom: 20% !important;padding-left: 20% !important;}&#8221; el_class=&#8221;link_shop&#8221;] SHOW PRIMAVERA ESTATE 2021 MILANO, 26 SETTEMBRE 2020 [\/vc_column_text][\/vc_column][vc_column width=&#8221;1\/2&#8243; css=&#8221;.vc_custom_1605535615431{background: #ffffff url(https:\/\/www.drome.it\/assets\/Spring-Summer-2021-Backstage-Project-1.jpg?id=61723) !important;background-position: center !important;background-repeat: no-repeat !important;background-size: cover !important;}&#8221;][\/vc_column][\/vc_row][vc_row][vc_column width=&#8221;1\/2&#8243; el_class=&#8221;textcenter&#8221; css=&#8221;.vc_custom_1563265645744{background-color: #ffffff !important;}&#8221;][vc_column_text css=&#8221;.vc_custom_1605535660387{padding-top: 20% !important;padding-right: 20% !important;padding-bottom: 20% !important;padding-left: 20% !important;}&#8221;] La [&hellip;]\" \/>\n<meta property=\"og:url\" content=\"https:\/\/www.drome.it\/it\/progetti\/backstage-primavera-estate-2021\/\" \/>\n<meta property=\"og:site_name\" content=\"DROMe\" \/>\n<meta property=\"og:image\" content=\"https:\/\/www.drome.it\/assets\/Spring-Summer-2021-Backstage-Project-Featured.jpg\" \/>\n\t<meta property=\"og:image:width\" content=\"2400\" \/>\n\t<meta property=\"og:image:height\" content=\"1246\" \/>\n\t<meta property=\"og:image:type\" content=\"image\/jpeg\" \/>\n<meta name=\"twitter:label1\" content=\"Tempo di lettura stimato\" \/>\n\t<meta name=\"twitter:data1\" content=\"4 minuti\" \/>\n<script type=\"application\/ld+json\" class=\"yoast-schema-graph\">{\"@context\":\"https:\/\/schema.org\",\"@graph\":[{\"@type\":\"WebPage\",\"@id\":\"https:\/\/www.drome.it\/it\/progetti\/backstage-primavera-estate-2021\/\",\"url\":\"https:\/\/www.drome.it\/it\/progetti\/backstage-primavera-estate-2021\/\",\"name\":\"Backstage Primavera Estate 2021 | DROMe\",\"isPartOf\":{\"@id\":\"https:\/\/www.drome.it\/it\/#website\"},\"datePublished\":\"2026-01-22T15:34:23+00:00\",\"dateModified\":\"2026-01-22T15:34:23+00:00\",\"breadcrumb\":{\"@id\":\"https:\/\/www.drome.it\/it\/progetti\/backstage-primavera-estate-2021\/#breadcrumb\"},\"inLanguage\":\"it-IT\",\"potentialAction\":[{\"@type\":\"ReadAction\",\"target\":[\"https:\/\/www.drome.it\/it\/progetti\/backstage-primavera-estate-2021\/\"]}]},{\"@type\":\"BreadcrumbList\",\"@id\":\"https:\/\/www.drome.it\/it\/progetti\/backstage-primavera-estate-2021\/#breadcrumb\",\"itemListElement\":[{\"@type\":\"ListItem\",\"position\":1,\"name\":\"Progetti\",\"item\":\"https:\/\/www.drome.it\/it\/progetti\/\"},{\"@type\":\"ListItem\",\"position\":2,\"name\":\"Backstage Primavera Estate 2021\"}]},{\"@type\":\"WebSite\",\"@id\":\"https:\/\/www.drome.it\/it\/#website\",\"url\":\"https:\/\/www.drome.it\/it\/\",\"name\":\"DROMe\",\"description\":\"We are collectors of personalities\",\"publisher\":{\"@id\":\"https:\/\/www.drome.it\/it\/#organization\"},\"potentialAction\":[{\"@type\":\"SearchAction\",\"target\":{\"@type\":\"EntryPoint\",\"urlTemplate\":\"https:\/\/www.drome.it\/it\/?s={search_term_string}\"},\"query-input\":\"required name=search_term_string\"}],\"inLanguage\":\"it-IT\"},{\"@type\":\"Organization\",\"@id\":\"https:\/\/www.drome.it\/it\/#organization\",\"name\":\"DROMe\",\"url\":\"https:\/\/www.drome.it\/it\/\",\"logo\":{\"@type\":\"ImageObject\",\"inLanguage\":\"it-IT\",\"@id\":\"https:\/\/www.drome.it\/it\/#\/schema\/logo\/image\/\",\"url\":\"https:\/\/www.drome.it\/assets\/drome-fav.png\",\"contentUrl\":\"https:\/\/www.drome.it\/assets\/drome-fav.png\",\"width\":512,\"height\":512,\"caption\":\"DROMe\"},\"image\":{\"@id\":\"https:\/\/www.drome.it\/it\/#\/schema\/logo\/image\/\"}}]}<\/script>\n<!-- \/ Yoast SEO plugin. -->","yoast_head_json":{"title":"Backstage Primavera Estate 2021 | DROMe","robots":{"index":"index","follow":"follow","max-snippet":"max-snippet:-1","max-image-preview":"max-image-preview:large","max-video-preview":"max-video-preview:-1"},"canonical":"https:\/\/www.drome.it\/it\/progetti\/backstage-primavera-estate-2021\/","og_locale":"it_IT","og_type":"article","og_title":"Backstage Primavera Estate 2021 | DROMe","og_description":"[vc_row][vc_column width=&#8221;1\/2&#8243; css=&#8221;.vc_custom_1570201667841{background-position: center !important;background-repeat: no-repeat !important;background-size: cover !important;}&#8221; el_class=&#8221;textcenter&#8221;][vc_column_text css=&#8221;.vc_custom_1605537654625{padding-top: 20% !important;padding-right: 20% !important;padding-bottom: 20% !important;padding-left: 20% !important;}&#8221; el_class=&#8221;link_shop&#8221;] SHOW PRIMAVERA ESTATE 2021 MILANO, 26 SETTEMBRE 2020 [\/vc_column_text][\/vc_column][vc_column width=&#8221;1\/2&#8243; css=&#8221;.vc_custom_1605535615431{background: #ffffff url(https:\/\/www.drome.it\/assets\/Spring-Summer-2021-Backstage-Project-1.jpg?id=61723) !important;background-position: center !important;background-repeat: no-repeat !important;background-size: cover !important;}&#8221;][\/vc_column][\/vc_row][vc_row][vc_column width=&#8221;1\/2&#8243; el_class=&#8221;textcenter&#8221; css=&#8221;.vc_custom_1563265645744{background-color: #ffffff !important;}&#8221;][vc_column_text css=&#8221;.vc_custom_1605535660387{padding-top: 20% !important;padding-right: 20% !important;padding-bottom: 20% !important;padding-left: 20% !important;}&#8221;] La [&hellip;]","og_url":"https:\/\/www.drome.it\/it\/progetti\/backstage-primavera-estate-2021\/","og_site_name":"DROMe","og_image":[{"width":2400,"height":1246,"url":"https:\/\/www.drome.it\/assets\/Spring-Summer-2021-Backstage-Project-Featured.jpg","type":"image\/jpeg"}],"twitter_misc":{"Tempo di lettura stimato":"4 minuti"},"schema":{"@context":"https:\/\/schema.org","@graph":[{"@type":"WebPage","@id":"https:\/\/www.drome.it\/it\/progetti\/backstage-primavera-estate-2021\/","url":"https:\/\/www.drome.it\/it\/progetti\/backstage-primavera-estate-2021\/","name":"Backstage Primavera Estate 2021 | DROMe","isPartOf":{"@id":"https:\/\/www.drome.it\/it\/#website"},"datePublished":"2026-01-22T15:34:23+00:00","dateModified":"2026-01-22T15:34:23+00:00","breadcrumb":{"@id":"https:\/\/www.drome.it\/it\/progetti\/backstage-primavera-estate-2021\/#breadcrumb"},"inLanguage":"it-IT","potentialAction":[{"@type":"ReadAction","target":["https:\/\/www.drome.it\/it\/progetti\/backstage-primavera-estate-2021\/"]}]},{"@type":"BreadcrumbList","@id":"https:\/\/www.drome.it\/it\/progetti\/backstage-primavera-estate-2021\/#breadcrumb","itemListElement":[{"@type":"ListItem","position":1,"name":"Progetti","item":"https:\/\/www.drome.it\/it\/progetti\/"},{"@type":"ListItem","position":2,"name":"Backstage Primavera Estate 2021"}]},{"@type":"WebSite","@id":"https:\/\/www.drome.it\/it\/#website","url":"https:\/\/www.drome.it\/it\/","name":"DROMe","description":"We are collectors of personalities","publisher":{"@id":"https:\/\/www.drome.it\/it\/#organization"},"potentialAction":[{"@type":"SearchAction","target":{"@type":"EntryPoint","urlTemplate":"https:\/\/www.drome.it\/it\/?s={search_term_string}"},"query-input":"required name=search_term_string"}],"inLanguage":"it-IT"},{"@type":"Organization","@id":"https:\/\/www.drome.it\/it\/#organization","name":"DROMe","url":"https:\/\/www.drome.it\/it\/","logo":{"@type":"ImageObject","inLanguage":"it-IT","@id":"https:\/\/www.drome.it\/it\/#\/schema\/logo\/image\/","url":"https:\/\/www.drome.it\/assets\/drome-fav.png","contentUrl":"https:\/\/www.drome.it\/assets\/drome-fav.png","width":512,"height":512,"caption":"DROMe"},"image":{"@id":"https:\/\/www.drome.it\/it\/#\/schema\/logo\/image\/"}}]}},"_links":{"self":[{"href":"https:\/\/www.drome.it\/it\/wp-json\/wp\/v2\/pages\/61762","targetHints":{"allow":["GET"]}}],"collection":[{"href":"https:\/\/www.drome.it\/it\/wp-json\/wp\/v2\/pages"}],"about":[{"href":"https:\/\/www.drome.it\/it\/wp-json\/wp\/v2\/types\/page"}],"author":[{"embeddable":true,"href":"https:\/\/www.drome.it\/it\/wp-json\/wp\/v2\/users\/238"}],"replies":[{"embeddable":true,"href":"https:\/\/www.drome.it\/it\/wp-json\/wp\/v2\/comments?post=61762"}],"version-history":[{"count":1,"href":"https:\/\/www.drome.it\/it\/wp-json\/wp\/v2\/pages\/61762\/revisions"}],"predecessor-version":[{"id":74579,"href":"https:\/\/www.drome.it\/it\/wp-json\/wp\/v2\/pages\/61762\/revisions\/74579"}],"up":[{"embeddable":true,"href":"https:\/\/www.drome.it\/it\/wp-json\/wp\/v2\/pages\/56588"}],"wp:featuredmedia":[{"embeddable":true,"href":"https:\/\/www.drome.it\/it\/wp-json\/wp\/v2\/media\/61743"}],"wp:attachment":[{"href":"https:\/\/www.drome.it\/it\/wp-json\/wp\/v2\/media?parent=61762"}],"curies":[{"name":"wp","href":"https:\/\/api.w.org\/{rel}","templated":true}]}}